{"id":264,"date":"2022-04-15T10:17:14","date_gmt":"2022-04-15T10:17:14","guid":{"rendered":"https:\/\/wp.deihm.de\/?page_id=264"},"modified":"2022-06-09T12:17:05","modified_gmt":"2022-06-09T12:17:05","slug":"wir","status":"publish","type":"page","link":"https:\/\/www.deihm.de\/wp\/?page_id=264","title":{"rendered":"\u00dcber uns"},"content":{"rendered":"\n<h2 class=\"wp-block-heading\">DEIHM bietet Weiterbildungen in 3 Modulen ausschlie\u00dflich an Wochenenden an.<\/h2>\n\n\n\n<p><strong>Seit 1996 bildet DEIHM bereits Schulbesuchshundeteams aus.<\/strong><\/p>\n\n\n\n<p>\u00dcber 2 Millionen Kinder wurden bereits von unseren Teams besucht und geschult. Eine Gefahrenpr\u00e4vention, die von Schulen (Klasse 1-8) gerne gebucht und mit sehr gut bewertet wird. Unsere Teams besuchen auch Kinderg\u00e4rten sowie sonderp\u00e4dagogische Einrichtungen.<\/p>\n\n\n\n<p>Weitere Informationen unter: <a href=\"https:\/\/www.deihm.de\/wp\/?page_id=266\" data-type=\"page\" data-id=\"266\">Schulbesuchshund<\/a><\/p>\n\n\n\n<figure class=\"wp-block-gallery has-nested-images columns-default is-cropped wp-block-gallery-1 is-layout-flex wp-block-gallery-is-layout-flex\"><\/figure>\n\n\n\n<p><strong>Seit 2013 bieten wir, aufgrund vieler Anfragen von Lehrern und P\u00e4dagogen, die Weiterbildung zum Schulhund an!<\/strong><\/p>\n\n\n\n<p>Immer mehr Lehrkr\u00e4fte in Deutschland haben den Wunsch, ihren Vierbeiner in den Unterricht zu integrieren. Schulen, Kollegien und Eltern werden tiergest\u00fctzem Unterricht gegen\u00fcber immer offener, da die positive Wirkung auf Schulkinder bereits zahlreich dokumentiert worden ist.<\/p>\n\n\n\n<p>Weitere Informationen unter: <a href=\"https:\/\/www.deihm.de\/wp\/?page_id=268\" data-type=\"page\" data-id=\"268\">Schulhund<\/a><\/p>\n\n\n\n<p><strong>Ein weiter Schwerpunkt ist seit 2007 die Weiterbildung zum Therapiebegleithund.<\/strong><\/p>\n\n\n\n<p>Wir bilden die Halter zu therapeutischen Begleithundef\u00fchrern aus.&nbsp;Diese Teams werden f\u00fcr tiergest\u00fctzte Interventionen in sozialen Einrichtungen, wie Behinderteneinrichtungen, Alten- und Pflegeheimen, &#8230;, vorbereitet.<\/p>\n\n\n\n<p>Weitere Informationen unter: <a href=\"https:\/\/www.deihm.de\/wp\/?page_id=361\" data-type=\"page\" data-id=\"361\">Therapiebegleithund<\/a><\/p>\n\n\n","protected":false},"excerpt":{"rendered":"<p>DEIHM bietet Weiterbildungen in 3 Modulen ausschlie\u00dflich an Wochenenden an. Seit 1996 bildet DEIHM bereits Schulbesuchshundeteams aus. \u00dcber 2 Millionen Kinder wurden bereits von unseren Teams besucht und geschult. Eine Gefahrenpr\u00e4vention, die von Schulen (Klasse 1-8) gerne gebucht und mit sehr gut bewertet wird. Unsere Teams besuchen auch Kinderg\u00e4rten sowie sonderp\u00e4dagogische Einrichtungen. Weitere Informationen unter:&hellip; <a class=\"more-link\" href=\"https:\/\/www.deihm.de\/wp\/?page_id=264\"><span class=\"screen-reader-text\">\u00dcber uns<\/span> weiterlesen<\/a><\/p>\n","protected":false},"author":1,"featured_media":0,"parent":0,"menu_order":0,"comment_status":"closed","ping_status":"closed","template":"","meta":{"footnotes":""},"class_list":["post-264","page","type-page","status-publish","hentry","entry"],"_links":{"self":[{"href":"https:\/\/www.deihm.de\/wp\/index.php?rest_route=\/wp\/v2\/pages\/264","targetHints":{"allow":["GET"]}}],"collection":[{"href":"https:\/\/www.deihm.de\/wp\/index.php?rest_route=\/wp\/v2\/pages"}],"about":[{"href":"https:\/\/www.deihm.de\/wp\/index.php?rest_route=\/wp\/v2\/types\/page"}],"author":[{"embeddable":true,"href":"https:\/\/www.deihm.de\/wp\/index.php?rest_route=\/wp\/v2\/users\/1"}],"replies":[{"embeddable":true,"href":"https:\/\/www.deihm.de\/wp\/index.php?rest_route=%2Fwp%2Fv2%2Fcomments&post=264"}],"version-history":[{"count":7,"href":"https:\/\/www.deihm.de\/wp\/index.php?rest_route=\/wp\/v2\/pages\/264\/revisions"}],"predecessor-version":[{"id":558,"href":"https:\/\/www.deihm.de\/wp\/index.php?rest_route=\/wp\/v2\/pages\/264\/revisions\/558"}],"wp:attachment":[{"href":"https:\/\/www.deihm.de\/wp\/index.php?rest_route=%2Fwp%2Fv2%2Fmedia&parent=264"}],"curies":[{"name":"wp","href":"https:\/\/api.w.org\/{rel}","templated":true}]}}