{"id":266,"date":"2022-04-15T10:17:15","date_gmt":"2022-04-15T10:17:15","guid":{"rendered":"https:\/\/wp.deihm.de\/?page_id=266"},"modified":"2022-07-23T13:46:03","modified_gmt":"2022-07-23T13:46:03","slug":"schulbesuchhund-3","status":"publish","type":"page","link":"https:\/\/www.deihm.de\/wp\/?page_id=266","title":{"rendered":"Schulbesuchshund"},"content":{"rendered":"\n<p><\/p>\n\n\n\n<p><strong>Wir bilden Hundef\u00fchrer f\u00fcr ganz Deutschland aus, damit wir alle Kinder erreichen k\u00f6nnen!<\/strong><br>Unser<strong> Seminar<\/strong> beinhaltet eine ausf\u00fchrliche Eignungs- und Wesenspr\u00fcfung des mitgebrachten Hundes und eine eingehende Schulung der Hundef\u00fchrer\/innen f\u00fcr unser Schulbesuchshundprogramm <strong>Hunde machen Schule.<\/strong><\/p>\n\n\n\n<figure class=\"wp-block-gallery has-nested-images columns-default is-cropped wp-block-gallery-1 is-layout-flex wp-block-gallery-is-layout-flex\">\n<figure class=\"wp-block-image size-large\"><img loading=\"lazy\" decoding=\"async\" width=\"554\" height=\"480\" data-id=\"732\" src=\"https:\/\/www.deihm.de\/wp\/wp-content\/uploads\/2022\/06\/AWA_4025-1-Kopie.jpeg\" alt=\"\" class=\"wp-image-732\" srcset=\"https:\/\/www.deihm.de\/wp\/wp-content\/uploads\/2022\/06\/AWA_4025-1-Kopie.jpeg 554w, https:\/\/www.deihm.de\/wp\/wp-content\/uploads\/2022\/06\/AWA_4025-1-Kopie-300x260.jpeg 300w\" sizes=\"auto, (max-width: 554px) 100vw, 554px\" \/><\/figure>\n<\/figure>\n\n\n\n<p><strong>Dieser Unterricht&nbsp; kann Kinder sch\u00fctzen und beugt Bei\u00dfunf\u00e4llen vor!<\/strong><\/p>\n\n\n\n<p><strong>Zielsetzung des Unterrichts Hunde machen Schule:<br><\/strong><br>Der richtige Umgang mit dem Vierbeiner will gelernt sein. Viele bestehende Vorurteile, k\u00f6nnen das richtige Verst\u00e4ndnis zwischen Kind und Hund nachteilig beeinflussen, bzw. zu beunruhigenden Missverst\u00e4ndnissen f\u00fchren.<\/p>\n\n\n\n<p>Durch eine gezielte Aufkl\u00e4rung soll das richtige Verhalten gegen\u00fcber Hunden, von DEIHM ausgebildeten Hund-Mensch-Teams, anschaulich vermittelt werden.<\/p>\n\n\n\n<p>Hierdurch werden eventuell bestehende \u00c4ngste abgebaut und durch Verst\u00e4ndnis und Respekt gegen\u00fcber dem Hund ersetzt. Dies wird mit den wichtigsten Verhaltensregeln untermauert.<\/p>\n\n\n\n<figure class=\"wp-block-gallery has-nested-images columns-default is-cropped wp-block-gallery-2 is-layout-flex wp-block-gallery-is-layout-flex\"><\/figure>\n","protected":false},"excerpt":{"rendered":"<p>Wir bilden Hundef\u00fchrer f\u00fcr ganz Deutschland aus, damit wir alle Kinder erreichen k\u00f6nnen!Unser Seminar beinhaltet eine ausf\u00fchrliche Eignungs- und Wesenspr\u00fcfung des mitgebrachten Hundes und eine eingehende Schulung der Hundef\u00fchrer\/innen f\u00fcr unser Schulbesuchshundprogramm Hunde machen Schule. Dieser Unterricht&nbsp; kann Kinder sch\u00fctzen und beugt Bei\u00dfunf\u00e4llen vor! Zielsetzung des Unterrichts Hunde machen Schule:Der richtige Umgang mit dem Vierbeiner&hellip; <a class=\"more-link\" href=\"https:\/\/www.deihm.de\/wp\/?page_id=266\"><span class=\"screen-reader-text\">Schulbesuchshund<\/span> weiterlesen<\/a><\/p>\n","protected":false},"author":1,"featured_media":0,"parent":0,"menu_order":0,"comment_status":"closed","ping_status":"closed","template":"","meta":{"footnotes":""},"class_list":["post-266","page","type-page","status-publish","hentry","entry"],"_links":{"self":[{"href":"https:\/\/www.deihm.de\/wp\/index.php?rest_route=\/wp\/v2\/pages\/266","targetHints":{"allow":["GET"]}}],"collection":[{"href":"https:\/\/www.deihm.de\/wp\/index.php?rest_route=\/wp\/v2\/pages"}],"about":[{"href":"https:\/\/www.deihm.de\/wp\/index.php?rest_route=\/wp\/v2\/types\/page"}],"author":[{"embeddable":true,"href":"https:\/\/www.deihm.de\/wp\/index.php?rest_route=\/wp\/v2\/users\/1"}],"replies":[{"embeddable":true,"href":"https:\/\/www.deihm.de\/wp\/index.php?rest_route=%2Fwp%2Fv2%2Fcomments&post=266"}],"version-history":[{"count":6,"href":"https:\/\/www.deihm.de\/wp\/index.php?rest_route=\/wp\/v2\/pages\/266\/revisions"}],"predecessor-version":[{"id":829,"href":"https:\/\/www.deihm.de\/wp\/index.php?rest_route=\/wp\/v2\/pages\/266\/revisions\/829"}],"wp:attachment":[{"href":"https:\/\/www.deihm.de\/wp\/index.php?rest_route=%2Fwp%2Fv2%2Fmedia&parent=266"}],"curies":[{"name":"wp","href":"https:\/\/api.w.org\/{rel}","templated":true}]}}