{"id":267,"date":"2022-04-15T10:17:15","date_gmt":"2022-04-15T10:17:15","guid":{"rendered":"https:\/\/wp.deihm.de\/?page_id=267"},"modified":"2022-08-17T11:20:34","modified_gmt":"2022-08-17T11:20:34","slug":"sachkunde","status":"publish","type":"page","link":"https:\/\/www.deihm.de\/wp\/?page_id=267","title":{"rendered":"Sachkunde"},"content":{"rendered":"\n<figure class=\"wp-block-image size-large\"><img loading=\"lazy\" decoding=\"async\" width=\"1024\" height=\"683\" src=\"https:\/\/www.deihm.de\/wp\/wp-content\/uploads\/2022\/08\/PD-DEIHM-Schulhund-06308-1024x683.jpeg\" alt=\"\" class=\"wp-image-852\" srcset=\"https:\/\/www.deihm.de\/wp\/wp-content\/uploads\/2022\/08\/PD-DEIHM-Schulhund-06308-1024x683.jpeg 1024w, https:\/\/www.deihm.de\/wp\/wp-content\/uploads\/2022\/08\/PD-DEIHM-Schulhund-06308-300x200.jpeg 300w, https:\/\/www.deihm.de\/wp\/wp-content\/uploads\/2022\/08\/PD-DEIHM-Schulhund-06308-768x512.jpeg 768w, https:\/\/www.deihm.de\/wp\/wp-content\/uploads\/2022\/08\/PD-DEIHM-Schulhund-06308-1536x1024.jpeg 1536w, https:\/\/www.deihm.de\/wp\/wp-content\/uploads\/2022\/08\/PD-DEIHM-Schulhund-06308-2048x1366.jpeg 2048w, https:\/\/www.deihm.de\/wp\/wp-content\/uploads\/2022\/08\/PD-DEIHM-Schulhund-06308-1568x1046.jpeg 1568w, https:\/\/www.deihm.de\/wp\/wp-content\/uploads\/2022\/08\/PD-DEIHM-Schulhund-06308-600x400.jpeg 600w\" sizes=\"auto, (max-width: 1024px) 100vw, 1024px\" \/><\/figure>\n\n\n\n<p>Hundehalter m\u00fcssen seit dem Jahr 2013 in Niedersachsen den Nachweis der Sachkunde (Hundef\u00fchrerschein) besitzen.<\/p>\n\n\n\n<p><strong>Sie k\u00f6nnen bei DEIHM diese Sachkundepr\u00fcfung ablegen!<\/strong><\/p>\n\n\n\n<p>Wir bereiten Sie optimal auf die theoretische Pr\u00fcfung vor!<\/p>\n\n\n\n<p>Hierf\u00fcr steht Ihnen ein Skript und f\u00fcr die anschlie\u00dfende Schulung ein Schulungsraum mit technischer Ausstattung zur Verf\u00fcgung.<\/p>\n\n\n\n<p>Sie haben nach bestandener Pr\u00fcfung laut Gesetz ein Jahr lang Zeit, die praktische Pr\u00fcfung abzulegen.<\/p>\n\n\n\n<p>Bei uns bekommen Sie die M\u00f6glichkeit direkt im Anschluss an die bestandene Theoriepr\u00fcfung, mit Ihrem eigenen Hund, oder einem ausgebildeten Therapiebegleithund von DEIHM, die praktische Pr\u00fcfung zu absolvieren.<\/p>\n\n\n\n<p>F\u00fcr weitere Fragen stehen wir Ihnen auch gerne telefonisch zur Verf\u00fcgung!  Telefon: 05193-970076<\/p>\n","protected":false},"excerpt":{"rendered":"<p>Hundehalter m\u00fcssen seit dem Jahr 2013 in Niedersachsen den Nachweis der Sachkunde (Hundef\u00fchrerschein) besitzen. Sie k\u00f6nnen bei DEIHM diese Sachkundepr\u00fcfung ablegen! Wir bereiten Sie optimal auf die theoretische Pr\u00fcfung vor! Hierf\u00fcr steht Ihnen ein Skript und f\u00fcr die anschlie\u00dfende Schulung ein Schulungsraum mit technischer Ausstattung zur Verf\u00fcgung. Sie haben nach bestandener Pr\u00fcfung laut Gesetz ein&hellip; <a class=\"more-link\" href=\"https:\/\/www.deihm.de\/wp\/?page_id=267\"><span class=\"screen-reader-text\">Sachkunde<\/span> weiterlesen<\/a><\/p>\n","protected":false},"author":1,"featured_media":0,"parent":0,"menu_order":0,"comment_status":"closed","ping_status":"closed","template":"","meta":{"footnotes":""},"class_list":["post-267","page","type-page","status-publish","hentry","entry"],"_links":{"self":[{"href":"https:\/\/www.deihm.de\/wp\/index.php?rest_route=\/wp\/v2\/pages\/267","targetHints":{"allow":["GET"]}}],"collection":[{"href":"https:\/\/www.deihm.de\/wp\/index.php?rest_route=\/wp\/v2\/pages"}],"about":[{"href":"https:\/\/www.deihm.de\/wp\/index.php?rest_route=\/wp\/v2\/types\/page"}],"author":[{"embeddable":true,"href":"https:\/\/www.deihm.de\/wp\/index.php?rest_route=\/wp\/v2\/users\/1"}],"replies":[{"embeddable":true,"href":"https:\/\/www.deihm.de\/wp\/index.php?rest_route=%2Fwp%2Fv2%2Fcomments&post=267"}],"version-history":[{"count":5,"href":"https:\/\/www.deihm.de\/wp\/index.php?rest_route=\/wp\/v2\/pages\/267\/revisions"}],"predecessor-version":[{"id":853,"href":"https:\/\/www.deihm.de\/wp\/index.php?rest_route=\/wp\/v2\/pages\/267\/revisions\/853"}],"wp:attachment":[{"href":"https:\/\/www.deihm.de\/wp\/index.php?rest_route=%2Fwp%2Fv2%2Fmedia&parent=267"}],"curies":[{"name":"wp","href":"https:\/\/api.w.org\/{rel}","templated":true}]}}