{"id":268,"date":"2022-04-15T10:17:15","date_gmt":"2022-04-15T10:17:15","guid":{"rendered":"https:\/\/wp.deihm.de\/?page_id=268"},"modified":"2022-06-13T11:34:33","modified_gmt":"2022-06-13T11:34:33","slug":"schulhund-3","status":"publish","type":"page","link":"https:\/\/www.deihm.de\/wp\/?page_id=268","title":{"rendered":"Schulhund"},"content":{"rendered":"\n<figure class=\"wp-block-image size-large\"><img loading=\"lazy\" decoding=\"async\" width=\"1024\" height=\"568\" src=\"https:\/\/www.deihm.de\/wp\/wp-content\/uploads\/2022\/06\/WhatsApp-Image-2022-06-13-at-11.19.001-1-1024x568.jpeg\" alt=\"\" class=\"wp-image-629\" srcset=\"https:\/\/www.deihm.de\/wp\/wp-content\/uploads\/2022\/06\/WhatsApp-Image-2022-06-13-at-11.19.001-1-1024x568.jpeg 1024w, https:\/\/www.deihm.de\/wp\/wp-content\/uploads\/2022\/06\/WhatsApp-Image-2022-06-13-at-11.19.001-1-300x166.jpeg 300w, https:\/\/www.deihm.de\/wp\/wp-content\/uploads\/2022\/06\/WhatsApp-Image-2022-06-13-at-11.19.001-1-768x426.jpeg 768w, https:\/\/www.deihm.de\/wp\/wp-content\/uploads\/2022\/06\/WhatsApp-Image-2022-06-13-at-11.19.001-1-1536x852.jpeg 1536w, https:\/\/www.deihm.de\/wp\/wp-content\/uploads\/2022\/06\/WhatsApp-Image-2022-06-13-at-11.19.001-1-1568x869.jpeg 1568w, https:\/\/www.deihm.de\/wp\/wp-content\/uploads\/2022\/06\/WhatsApp-Image-2022-06-13-at-11.19.001-1-600x333.jpeg 600w, https:\/\/www.deihm.de\/wp\/wp-content\/uploads\/2022\/06\/WhatsApp-Image-2022-06-13-at-11.19.001-1.jpeg 1600w\" sizes=\"auto, (max-width: 1024px) 100vw, 1024px\" \/><figcaption>Immer mehr Lehrkr\u00e4fte in Deutschland haben den Wunsch, ihren Vierbeiner in den Unterricht zu integrieren. <\/figcaption><\/figure>\n\n\n\n<p>In dieser Weiterbildung wird ein erweitertes&nbsp;Wissen \u00fcber den professionellen Einsatz des Hundes im Schulunterricht  in einer Schule mit Schulkindern vermittelt.<\/p>\n\n\n\n<p><strong>Unser Konzept \u2013 3 Module<\/strong><\/p>\n\n\n\n<p>Die Weiterbildung zum Schulhund besteht aus drei Modulen, welche zeitlich unabh\u00e4ngig voneinander gebucht werden k\u00f6nnen.&nbsp;<\/p>\n\n\n\n<p><strong>Modul 1<\/strong><\/p>\n\n\n\n<p>In Anlehnung an den Wesenstest des Landes Niedersachsens werden die Hunde auf ihre Tauglichkeit gepr\u00fcft. Hier werden keine F\u00e4higkeiten abgefragt, sondern nur der Grundcharakter des Hundes erfasst, sodass eine Empfehlung zur weiteren Ausbildung ausgesprochen werden kann.<\/p>\n\n\n\n<p><strong>Modul 2<\/strong><\/p>\n\n\n\n<p>Das Modul 2 umfasst zwei Tage, in denen wir uns intensiv mit theoretischen Inhalten und praktischen \u00dcbungen besch\u00e4ftigen. Fachvortr\u00e4ge zu den Themen Kommunikation, Stress, Lernverhalten, Sachkunde, praktischer Einsatz und rechtliche Bestimmungen wechseln mit praktischen \u00dcbungen, inklusive fachlicher Anleitung, ab. Es gibt ein umfangreiches Angebot an Materialien und Einsatzm\u00f6glichkeiten, die vor Ort mit Schulkindern individuell ausprobiert und diskutiert werden k\u00f6nnen. Unter Ber\u00fccksichtigung der (rassetypischen) F\u00e4higkeiten der Hunde und der individuellen Einsatzvorgaben der Halter, finden wir f\u00fcr jeden den richtigen Weg heraus.<\/p>\n\n\n\n<p>Nachdem jeder Teilnehmer die Anforderung f\u00fcr die Zertifizierung kennt, kann jedes Team den Zeitpunkt der Pr\u00fcfung selbst bestimmen. Jeder kann das mit seinem pers\u00f6nlichen Hundetrainer erarbeiten oder auch zus\u00e4tzliche DEIHM Workshops und Abendvortr\u00e4ge in Anspruch nehmen.<\/p>\n\n\n\n<p><strong>Modul 3<\/strong><\/p>\n\n\n\n<p>Das Modul 3 ist ein Pr\u00fcfungstag, an dem der Halter eine schriftliche Sachkundepr\u00fcfung ablegt. Im Anschluss daran findet\u00a0 die praktische Pr\u00fcfung in den Bereichen Grundgehorsam, Bindung und einer praktischen Einheit mit Kindern statt.<\/p>\n\n\n\n<p>F\u00fcr weitere Fragen stehen wir Ihnen auch gerne telefonisch zur Verf\u00fcgung! Telefon: 05193-970076<\/p>\n\n\n\n<p>Senden Sie uns das Vornameldeformular zu, dann senden wir Ihnen detalierte Informationen und offizelle Anmeldeb\u00f6gen zu.<\/p>\n\n\n\n<p><\/p>\n","protected":false},"excerpt":{"rendered":"<p>In dieser Weiterbildung wird ein erweitertes&nbsp;Wissen \u00fcber den professionellen Einsatz des Hundes im Schulunterricht in einer Schule mit Schulkindern vermittelt. Unser Konzept \u2013 3 Module Die Weiterbildung zum Schulhund besteht aus drei Modulen, welche zeitlich unabh\u00e4ngig voneinander gebucht werden k\u00f6nnen.&nbsp; Modul 1 In Anlehnung an den Wesenstest des Landes Niedersachsens werden die Hunde auf ihre&hellip; <a class=\"more-link\" href=\"https:\/\/www.deihm.de\/wp\/?page_id=268\"><span class=\"screen-reader-text\">Schulhund<\/span> weiterlesen<\/a><\/p>\n","protected":false},"author":1,"featured_media":0,"parent":0,"menu_order":0,"comment_status":"closed","ping_status":"closed","template":"","meta":{"footnotes":""},"class_list":["post-268","page","type-page","status-publish","hentry","entry"],"_links":{"self":[{"href":"https:\/\/www.deihm.de\/wp\/index.php?rest_route=\/wp\/v2\/pages\/268","targetHints":{"allow":["GET"]}}],"collection":[{"href":"https:\/\/www.deihm.de\/wp\/index.php?rest_route=\/wp\/v2\/pages"}],"about":[{"href":"https:\/\/www.deihm.de\/wp\/index.php?rest_route=\/wp\/v2\/types\/page"}],"author":[{"embeddable":true,"href":"https:\/\/www.deihm.de\/wp\/index.php?rest_route=\/wp\/v2\/users\/1"}],"replies":[{"embeddable":true,"href":"https:\/\/www.deihm.de\/wp\/index.php?rest_route=%2Fwp%2Fv2%2Fcomments&post=268"}],"version-history":[{"count":11,"href":"https:\/\/www.deihm.de\/wp\/index.php?rest_route=\/wp\/v2\/pages\/268\/revisions"}],"predecessor-version":[{"id":833,"href":"https:\/\/www.deihm.de\/wp\/index.php?rest_route=\/wp\/v2\/pages\/268\/revisions\/833"}],"wp:attachment":[{"href":"https:\/\/www.deihm.de\/wp\/index.php?rest_route=%2Fwp%2Fv2%2Fmedia&parent=268"}],"curies":[{"name":"wp","href":"https:\/\/api.w.org\/{rel}","templated":true}]}}