{"id":380,"date":"2022-04-15T17:56:10","date_gmt":"2022-04-15T17:56:10","guid":{"rendered":"https:\/\/wp.deihm.de\/?page_id=380"},"modified":"2023-07-15T12:52:18","modified_gmt":"2023-07-15T12:52:18","slug":"machen-sie-mit","status":"publish","type":"page","link":"https:\/\/www.deihm.de\/wp\/?page_id=380","title":{"rendered":"Positve Effekte"},"content":{"rendered":"\n<p>DEIHM Schulbesuchshunde-Konzept<\/p>\n\n\n\n<p>Der Hund widmet den Kindern nicht nur seine Aufmerksamkeit, sondern fordert auch die Aufmerksamkeit von ihnen.<\/p>\n\n\n\n<p>\u00dcber und mit dem Hund wird eine Wissensvermittlung an die Sch\u00fcler \u00fcbertragen, die \u00fcber alle Sinneskan\u00e4le angeboten wird.<\/p>\n\n\n\n<p>Dieses geschieht zum einen \u00fcber die Beobachtung des Hundes, seiner artgerechten Verhaltensweisen sowie arteigener Kommunikation und zum anderen \u00fcber die Erkl\u00e4rungen des ausgebildeten Hundef\u00fchrers von DEIHM.<\/p>\n\n\n\n<p>Die Kinder k\u00f6nnen den Hund f\u00fchlen, indem sie mit ihm spielen bzw. ihn streicheln oder sich ein Leckerchen aus der Hand lecken lassen.<\/p>\n\n\n\n<p>Der Hund im Unterricht f\u00f6rdert so auch ihre motorischen F\u00e4higkeiten z.B. die Hand \u2013 Auge \u2013 Koordination beim Ballspielen mit dem Hund. Auch das anschlie\u00dfende Lob mittels eines Leckerchens f\u00f6rdert ihre feinmotorischen F\u00e4higkeiten.<\/p>\n\n\n\n<p>Der Unterricht wirkt sich auf die physischen, psychischen, mentalen, sozialen und kommunikativen Talente der Sch\u00fcler aus. Somit werden dabei Impulse f\u00fcr die Verhaltens\u00e4nderung der Sch\u00fcler (Gewaltpr\u00e4vention), F\u00f6rderung der seelischen Ausge- glichenheit, Stimulation der Merkf\u00e4higkeit (z.B. Name des Tieres, der Rasse), Vermeidung von sozialer Isolation (der Hund nimmt alle Menschen gleich an) sowie die Motivation am Lernen (kynologisches Wissen \u2013 Sachinhalte werden zudem spielerisch und mit Freude vermittelt) gegeben.<\/p>\n\n\n\n<figure class=\"wp-block-image size-large\"><img loading=\"lazy\" decoding=\"async\" width=\"1024\" height=\"682\" src=\"https:\/\/www.deihm.de\/wp\/wp-content\/uploads\/2023\/07\/IMG_5021-Kopie-1024x682.jpg\" alt=\"\" class=\"wp-image-920\" srcset=\"https:\/\/www.deihm.de\/wp\/wp-content\/uploads\/2023\/07\/IMG_5021-Kopie-1024x682.jpg 1024w, https:\/\/www.deihm.de\/wp\/wp-content\/uploads\/2023\/07\/IMG_5021-Kopie-300x200.jpg 300w, https:\/\/www.deihm.de\/wp\/wp-content\/uploads\/2023\/07\/IMG_5021-Kopie-768x512.jpg 768w, https:\/\/www.deihm.de\/wp\/wp-content\/uploads\/2023\/07\/IMG_5021-Kopie-600x400.jpg 600w, https:\/\/www.deihm.de\/wp\/wp-content\/uploads\/2023\/07\/IMG_5021-Kopie.jpg 1280w\" sizes=\"auto, (max-width: 1024px) 100vw, 1024px\" \/><\/figure>\n","protected":false},"excerpt":{"rendered":"<p>DEIHM Schulbesuchshunde-Konzept Der Hund widmet den Kindern nicht nur seine Aufmerksamkeit, sondern fordert auch die Aufmerksamkeit von ihnen. \u00dcber und mit dem Hund wird eine Wissensvermittlung an die Sch\u00fcler \u00fcbertragen, die \u00fcber alle Sinneskan\u00e4le angeboten wird. Dieses geschieht zum einen \u00fcber die Beobachtung des Hundes, seiner artgerechten Verhaltensweisen sowie arteigener Kommunikation und zum anderen \u00fcber&hellip; <a class=\"more-link\" href=\"https:\/\/www.deihm.de\/wp\/?page_id=380\"><span class=\"screen-reader-text\">Positve Effekte<\/span> weiterlesen<\/a><\/p>\n","protected":false},"author":1,"featured_media":0,"parent":0,"menu_order":0,"comment_status":"closed","ping_status":"closed","template":"","meta":{"footnotes":""},"class_list":["post-380","page","type-page","status-publish","hentry","entry"],"_links":{"self":[{"href":"https:\/\/www.deihm.de\/wp\/index.php?rest_route=\/wp\/v2\/pages\/380","targetHints":{"allow":["GET"]}}],"collection":[{"href":"https:\/\/www.deihm.de\/wp\/index.php?rest_route=\/wp\/v2\/pages"}],"about":[{"href":"https:\/\/www.deihm.de\/wp\/index.php?rest_route=\/wp\/v2\/types\/page"}],"author":[{"embeddable":true,"href":"https:\/\/www.deihm.de\/wp\/index.php?rest_route=\/wp\/v2\/users\/1"}],"replies":[{"embeddable":true,"href":"https:\/\/www.deihm.de\/wp\/index.php?rest_route=%2Fwp%2Fv2%2Fcomments&post=380"}],"version-history":[{"count":8,"href":"https:\/\/www.deihm.de\/wp\/index.php?rest_route=\/wp\/v2\/pages\/380\/revisions"}],"predecessor-version":[{"id":921,"href":"https:\/\/www.deihm.de\/wp\/index.php?rest_route=\/wp\/v2\/pages\/380\/revisions\/921"}],"wp:attachment":[{"href":"https:\/\/www.deihm.de\/wp\/index.php?rest_route=%2Fwp%2Fv2%2Fmedia&parent=380"}],"curies":[{"name":"wp","href":"https:\/\/api.w.org\/{rel}","templated":true}]}}