{"id":385,"date":"2022-04-15T17:56:10","date_gmt":"2022-04-15T17:56:10","guid":{"rendered":"https:\/\/wp.deihm.de\/?page_id=385"},"modified":"2022-06-13T11:02:08","modified_gmt":"2022-06-13T11:02:08","slug":"positive-effekte","status":"publish","type":"page","link":"https:\/\/www.deihm.de\/wp\/?page_id=385","title":{"rendered":"Positive Effekte"},"content":{"rendered":"\n<h4 class=\"wp-block-heading\">Was bewirkt der Schulhund bei den Kindern?<\/h4>\n\n\n\n<figure class=\"wp-block-image size-large\"><img loading=\"lazy\" decoding=\"async\" width=\"1024\" height=\"393\" src=\"https:\/\/www.deihm.de\/wp\/wp-content\/uploads\/2022\/06\/Schro\u0308der-2-1-1024x393.jpg\" alt=\"\" class=\"wp-image-642\" srcset=\"https:\/\/www.deihm.de\/wp\/wp-content\/uploads\/2022\/06\/Schro\u0308der-2-1-1024x393.jpg 1024w, https:\/\/www.deihm.de\/wp\/wp-content\/uploads\/2022\/06\/Schro\u0308der-2-1-300x115.jpg 300w, https:\/\/www.deihm.de\/wp\/wp-content\/uploads\/2022\/06\/Schro\u0308der-2-1-768x294.jpg 768w, https:\/\/www.deihm.de\/wp\/wp-content\/uploads\/2022\/06\/Schro\u0308der-2-1-1536x589.jpg 1536w, https:\/\/www.deihm.de\/wp\/wp-content\/uploads\/2022\/06\/Schro\u0308der-2-1-600x230.jpg 600w, https:\/\/www.deihm.de\/wp\/wp-content\/uploads\/2022\/06\/Schro\u0308der-2-1.jpg 1544w\" sizes=\"auto, (max-width: 1024px) 100vw, 1024px\" \/><figcaption>Wir geh\u00f6ren zusammen.<\/figcaption><\/figure>\n\n\n\n<ul class=\"wp-block-list\"><li>Der Einsatz eines Schulhundes bewirkt eine ganzheitliche Wissensvermittlung an die Sch\u00fcler \u00fcber alle Sinneskan\u00e4le. Dies geschieht zum einen \u00fcber die Beobachtung des Hundes, seiner Verhaltensweisen und seiner Kommunikation,\u00a0 zum anderen \u00fcber die Erkl\u00e4rungen des P\u00e4dagogen.<\/li><li>Der Unterricht mit einem Schulhund sowie das damit verbundene gemeinsame Lernen f\u00f6rdert die Beziehungsf\u00e4higkeit, vermittelt Erfolgserlebnisse, erh\u00f6ht das Selbstbewusstsein und somit die Lernmotivation der Kinder.<\/li><li>Der Unterricht wirkt sich auf die physischen, psychischen,\u00a0 sozialen und kommunikativen Kompetenzen der Sch\u00fcler aus. Dieses hat Einfluss auf das Verhalten der Sch\u00fcler auch untereinander (Gewaltpr\u00e4vention).<\/li><li>Zudem f\u00f6rdert der Unterricht mit Schulhund die seelische Ausgeglichenheit der Kinder und hilft bei der Strukturierung des Schulalltags.<\/li><li>Der Schulhund stimuliert die Merkf\u00e4higkeit der Sch\u00fcler. Somit wird die Motivation zum Lernen\u00a0 gesteigert.<\/li><li>Sachinhalte werden spielerisch und mit Freude vermittelt (&#8222;Lesehund&#8220;).\u00a0\u00a0\u00a0\u00a0\u00a0\u00a0\u00a0\u00a0\u00a0\u00a0\u00a0\u00a0\u00a0\u00a0\u00a0\u00a0\u00a0\u00a0\u00a0\u00a0\u00a0\u00a0\u00a0\u00a0\u00a0\u00a0\u00a0\u00a0\u00a0\u00a0\u00a0\u00a0\u00a0\u00a0\u00a0\u00a0\u00a0\u00a0\u00a0\u00a0\u00a0\u00a0\u00a0\u00a0\u00a0\u00a0\u00a0\u00a0\u00a0\u00a0\u00a0\u00a0\u00a0\u00a0\u00a0\u00a0\u00a0\u00a0\u00a0\u00a0\u00a0\u00a0\u00a0\u00a0\u00a0\u00a0\u00a0<\/li><li>Auch tragen Schulhunde zur Vermeidung von sozialer Isolation von Kindern bei (der Hund nimmt alle Menschen gleich an).<\/li><\/ul>\n","protected":false},"excerpt":{"rendered":"<p>Was bewirkt der Schulhund bei den Kindern? Der Einsatz eines Schulhundes bewirkt eine ganzheitliche Wissensvermittlung an die Sch\u00fcler \u00fcber alle Sinneskan\u00e4le. Dies geschieht zum einen \u00fcber die Beobachtung des Hundes, seiner Verhaltensweisen und seiner Kommunikation,\u00a0 zum anderen \u00fcber die Erkl\u00e4rungen des P\u00e4dagogen. Der Unterricht mit einem Schulhund sowie das damit verbundene gemeinsame Lernen f\u00f6rdert die&hellip; <a class=\"more-link\" href=\"https:\/\/www.deihm.de\/wp\/?page_id=385\"><span class=\"screen-reader-text\">Positive Effekte<\/span> weiterlesen<\/a><\/p>\n","protected":false},"author":1,"featured_media":0,"parent":0,"menu_order":0,"comment_status":"closed","ping_status":"closed","template":"","meta":{"footnotes":""},"class_list":["post-385","page","type-page","status-publish","hentry","entry"],"_links":{"self":[{"href":"https:\/\/www.deihm.de\/wp\/index.php?rest_route=\/wp\/v2\/pages\/385","targetHints":{"allow":["GET"]}}],"collection":[{"href":"https:\/\/www.deihm.de\/wp\/index.php?rest_route=\/wp\/v2\/pages"}],"about":[{"href":"https:\/\/www.deihm.de\/wp\/index.php?rest_route=\/wp\/v2\/types\/page"}],"author":[{"embeddable":true,"href":"https:\/\/www.deihm.de\/wp\/index.php?rest_route=\/wp\/v2\/users\/1"}],"replies":[{"embeddable":true,"href":"https:\/\/www.deihm.de\/wp\/index.php?rest_route=%2Fwp%2Fv2%2Fcomments&post=385"}],"version-history":[{"count":3,"href":"https:\/\/www.deihm.de\/wp\/index.php?rest_route=\/wp\/v2\/pages\/385\/revisions"}],"predecessor-version":[{"id":643,"href":"https:\/\/www.deihm.de\/wp\/index.php?rest_route=\/wp\/v2\/pages\/385\/revisions\/643"}],"wp:attachment":[{"href":"https:\/\/www.deihm.de\/wp\/index.php?rest_route=%2Fwp%2Fv2%2Fmedia&parent=385"}],"curies":[{"name":"wp","href":"https:\/\/api.w.org\/{rel}","templated":true}]}}