{"id":390,"date":"2022-04-15T17:56:11","date_gmt":"2022-04-15T17:56:11","guid":{"rendered":"https:\/\/wp.deihm.de\/?page_id=390"},"modified":"2022-08-17T10:13:42","modified_gmt":"2022-08-17T10:13:42","slug":"voranmeldung","status":"publish","type":"page","link":"https:\/\/www.deihm.de\/wp\/?page_id=390","title":{"rendered":"Positive Effekte"},"content":{"rendered":"\n<p>Der Hund nimmt uns an, so wie wir sind, er unterscheidet nicht zwischen alten, kranken, behinderten, verhaltensauff\u00e4lligen, unkonzentrierten Menschen, er ist offen und vorurteilsfrei gegen\u00fcber allen.<\/p>\n\n\n\n<figure class=\"wp-block-gallery has-nested-images columns-default is-cropped wp-block-gallery-1 is-layout-flex wp-block-gallery-is-layout-flex\">\n<figure class=\"wp-block-image size-large\"><img loading=\"lazy\" decoding=\"async\" width=\"1024\" height=\"682\" data-id=\"843\" src=\"https:\/\/www.deihm.de\/wp\/wp-content\/uploads\/2022\/08\/Positive-Efekte-1024x682.jpeg\" alt=\"\" class=\"wp-image-843\" srcset=\"https:\/\/www.deihm.de\/wp\/wp-content\/uploads\/2022\/08\/Positive-Efekte-1024x682.jpeg 1024w, https:\/\/www.deihm.de\/wp\/wp-content\/uploads\/2022\/08\/Positive-Efekte-300x200.jpeg 300w, https:\/\/www.deihm.de\/wp\/wp-content\/uploads\/2022\/08\/Positive-Efekte-768x512.jpeg 768w, https:\/\/www.deihm.de\/wp\/wp-content\/uploads\/2022\/08\/Positive-Efekte-1536x1023.jpeg 1536w, https:\/\/www.deihm.de\/wp\/wp-content\/uploads\/2022\/08\/Positive-Efekte-1568x1045.jpeg 1568w, https:\/\/www.deihm.de\/wp\/wp-content\/uploads\/2022\/08\/Positive-Efekte-600x400.jpeg 600w, https:\/\/www.deihm.de\/wp\/wp-content\/uploads\/2022\/08\/Positive-Efekte.jpeg 1600w\" sizes=\"auto, (max-width: 1024px) 100vw, 1024px\" \/><figcaption>Hunde nehmen uns an, so wie wir sind.<\/figcaption><\/figure>\n<\/figure>\n\n\n\n<p>Damit hat der Hund die F\u00e4higkeit, unvoreingenommen seine therapeutischen Eigenschaften f\u00fcr diese &#8222;bed\u00fcrftigen&#8220; Menschen wirken zu lassen.<\/p>\n\n\n\n<p><strong>Und gerade diese Eigenschaften kann sich ein&nbsp;Therapeut, Altenpfleger, Heilp\u00e4dagoge,&#8230; mit einem geeigneten Hund und seinem Fachwissen, beruflich zu Nutze machen!<\/strong><\/p>\n\n\n\n<p><strong>Aber auch jeder andere Mensch, der mit seinem Hund einen professionellen tiergest\u00fctzen&nbsp; Besuchsdienst anbieten m\u00f6chte, kann in der tiergest\u00fctzten Aktivit\u00e4t t\u00e4tig werden und&nbsp;an dieser Weiterbildung teilnehmen!<\/strong><\/p>\n\n\n\n<p>Ziel unserer Weiterbildung ist der&nbsp;qualifizierte Einsatz des Hundes im therapeutischen Arbeitsfeld, wie z.B.<\/p>\n\n\n\n<ul class=\"wp-block-list\"><li>Altenheimen<\/li><li>Behinderteneinrichtungen<\/li><li>Ergo- \/ Physiotherapiepraxen<\/li><li>Sozialp\u00e4dagogischen Einrichtungen<\/li><li>Psychiatrischen Einrichtungen<\/li><li>Hospitz<\/li><\/ul>\n\n\n\n<p><strong>Der Halter soll ein theoretisches und praktisches Wissen erlangen, wie er die F\u00e4higkeiten und M\u00f6glichkeiten&nbsp;seines Hundes professionell in den verschiedenen Einsatzbereichen nutzen kann. Dabei ist Sicherheit und Wohlbefinden&nbsp;von Hund und Klienten&nbsp;von entscheidender Bedeutung.<\/strong><\/p>\n","protected":false},"excerpt":{"rendered":"<p>Der Hund nimmt uns an, so wie wir sind, er unterscheidet nicht zwischen alten, kranken, behinderten, verhaltensauff\u00e4lligen, unkonzentrierten Menschen, er ist offen und vorurteilsfrei gegen\u00fcber allen. Damit hat der Hund die F\u00e4higkeit, unvoreingenommen seine therapeutischen Eigenschaften f\u00fcr diese &#8222;bed\u00fcrftigen&#8220; Menschen wirken zu lassen. Und gerade diese Eigenschaften kann sich ein&nbsp;Therapeut, Altenpfleger, Heilp\u00e4dagoge,&#8230; mit einem geeigneten&hellip; <a class=\"more-link\" href=\"https:\/\/www.deihm.de\/wp\/?page_id=390\"><span class=\"screen-reader-text\">Positive Effekte<\/span> weiterlesen<\/a><\/p>\n","protected":false},"author":1,"featured_media":0,"parent":0,"menu_order":0,"comment_status":"closed","ping_status":"closed","template":"","meta":{"footnotes":""},"class_list":["post-390","page","type-page","status-publish","hentry","entry"],"_links":{"self":[{"href":"https:\/\/www.deihm.de\/wp\/index.php?rest_route=\/wp\/v2\/pages\/390","targetHints":{"allow":["GET"]}}],"collection":[{"href":"https:\/\/www.deihm.de\/wp\/index.php?rest_route=\/wp\/v2\/pages"}],"about":[{"href":"https:\/\/www.deihm.de\/wp\/index.php?rest_route=\/wp\/v2\/types\/page"}],"author":[{"embeddable":true,"href":"https:\/\/www.deihm.de\/wp\/index.php?rest_route=\/wp\/v2\/users\/1"}],"replies":[{"embeddable":true,"href":"https:\/\/www.deihm.de\/wp\/index.php?rest_route=%2Fwp%2Fv2%2Fcomments&post=390"}],"version-history":[{"count":4,"href":"https:\/\/www.deihm.de\/wp\/index.php?rest_route=\/wp\/v2\/pages\/390\/revisions"}],"predecessor-version":[{"id":844,"href":"https:\/\/www.deihm.de\/wp\/index.php?rest_route=\/wp\/v2\/pages\/390\/revisions\/844"}],"wp:attachment":[{"href":"https:\/\/www.deihm.de\/wp\/index.php?rest_route=%2Fwp%2Fv2%2Fmedia&parent=390"}],"curies":[{"name":"wp","href":"https:\/\/api.w.org\/{rel}","templated":true}]}}