{"id":391,"date":"2022-04-15T17:56:11","date_gmt":"2022-04-15T17:56:11","guid":{"rendered":"https:\/\/wp.deihm.de\/?page_id=391"},"modified":"2026-03-16T12:07:01","modified_gmt":"2026-03-16T12:07:01","slug":"termine-3","status":"publish","type":"page","link":"https:\/\/www.deihm.de\/wp\/?page_id=391","title":{"rendered":"Termine"},"content":{"rendered":"\n<p>Diese Wochenend-Weiterbildung mit Zertifikat von DEIHM zum Therapiebegleithund bieten wir f\u00fcr Therapeuten mit unterschiedlichstenen Berufen an, die ihren Hund in ihrer Arbeit einsetzen m\u00f6chten. Aber auch alle anderen f\u00fcr Menschen, deren  Hund sie in der tiergest\u00fctzten Intervention, z.B. im Altenheimen, begleiten sollen.<\/p>\n\n\n\n<p><strong>Termine 2026 <\/strong><\/p>\n\n\n\n<p><\/p>\n\n\n\n<p><\/p>\n\n\n\n<p>21.03. Modul 1 (Eignungstest)<br>22.03. Modul 3 (Pr\u00fcfung\/Nachpr\u00fcfung) &#8211; ausgebucht<\/p>\n\n\n\n<p>25.-26.04. Modul 2 (Weiterbildung)<\/p>\n\n\n\n<p>30.05. Modul 1 (Eignungstest)<br>31.05. Modul 3 (Pr\u00fcfung\/Nachpr\u00fcfung) &#8211; noch ein Platz frei<\/p>\n\n\n\n<p>13.-14.06. Modul 2 (Weiterbildung) &#8211; Reserviert f\u00fcr TGI-Klame<\/p>\n\n\n\n<p>18.07. Modul 1 (Eignungstest)<br>19.07. Modul 3 (Pr\u00fcfung\/Nachpr\u00fcfung)<\/p>\n\n\n\n<p>22.-23.08. Modul 2 (Weiterbildung)<\/p>\n\n\n\n<p>19.09. Modul 1 (Eignungstest)<br>20.09. Modul 3 (Pr\u00fcfung\/Nachpr\u00fcfung)<\/p>\n\n\n\n<p>24.-25.10. Modul 2 (Weiterbildung)<\/p>\n\n\n\n<p>14.11. Modul 1 (Eignungstest)<br>15.11. Modul 3 (Pr\u00fcfung\/Nachpr\u00fcfung)<\/p>\n\n\n\n<p>12.-13.12. Modul 2 (Weiterbildung)<\/p>\n\n\n\n<p><strong>Termine<\/strong> <strong>2027<\/strong><\/p>\n\n\n\n<p>30.01. Modul 1 (Eignungstest)<br>31.01. Modul 3 (Pr\u00fcfung\/Nachpr\u00fcfung) <\/p>\n\n\n\n<p>20.-21.02. Modul 2 (Weiterbildung)<\/p>\n\n\n\n<p>20.03. Modul 1 (Eignungstest)<br>21.03. Modul 3 (Pr\u00fcfung\/Nachpr\u00fcfung) <\/p>\n\n\n\n<p>24.-25.04. Modul 2 (Weiterbildung)<\/p>\n\n\n\n<p>29.05. Modul 1 (Eignungstest)<br>30.05. Modul 3 (Pr\u00fcfung\/Nachpr\u00fcfung) <\/p>\n\n\n\n<p>12.-13.06. Modul 2 (Weiterbildung)<\/p>\n\n\n\n<p>03.07. Modul 1 (Eignungstest)<br>04.07. Modul 3 (Pr\u00fcfung\/Nachpr\u00fcfung)<\/p>\n\n\n\n<p>14.-15.08. Modul 2 (Weiterbildung)<\/p>\n\n\n\n<p>18.09. Modul 1 (Eignungstest)<br>19.09. Modul 3 (Pr\u00fcfung\/Nachpr\u00fcfung)<\/p>\n\n\n\n<p>09.-10.10. Modul 2 (Weiterbildung)<\/p>\n\n\n\n<p>13.11. Modul 1 (Eignungstest)<br>14.11. Modul 3 (Pr\u00fcfung\/Nachpr\u00fcfung)<\/p>\n\n\n\n<p>11.-12.12. Modul 2 (Weiterbildung)<\/p>\n\n\n\n<p><strong>Wir d\u00fcrfen auch Bildungschecks annehmen!<\/strong><\/p>\n\n\n\n<p><strong><a href=\"http:\/\/www.wirtschaftsfoerderung-marsberg.de\/index.php\/bildungsscheck\" target=\"_blank\" rel=\"noreferrer noopener\">Info hier!<\/a><\/strong><\/p>\n\n\n\n<p><strong>F\u00fcr Hamburg: I<a href=\"http:\/\/www.weiterbildung-in-hamburg.de\/service\/infos-service\/bildungspraemie\/\" target=\"_blank\" rel=\"noreferrer noopener\">nfo hier!<\/a><\/strong><\/p>\n\n\n\n<p><\/p>\n","protected":false},"excerpt":{"rendered":"<p>Diese Wochenend-Weiterbildung mit Zertifikat von DEIHM zum Therapiebegleithund bieten wir f\u00fcr Therapeuten mit unterschiedlichstenen Berufen an, die ihren Hund in ihrer Arbeit einsetzen m\u00f6chten. Aber auch alle anderen f\u00fcr Menschen, deren Hund sie in der tiergest\u00fctzten Intervention, z.B. im Altenheimen, begleiten sollen. Termine 2026 21.03. Modul 1 (Eignungstest)22.03. Modul 3 (Pr\u00fcfung\/Nachpr\u00fcfung) &#8211; ausgebucht 25.-26.04. Modul&hellip; <a class=\"more-link\" href=\"https:\/\/www.deihm.de\/wp\/?page_id=391\"><span class=\"screen-reader-text\">Termine<\/span> weiterlesen<\/a><\/p>\n","protected":false},"author":1,"featured_media":0,"parent":0,"menu_order":0,"comment_status":"closed","ping_status":"closed","template":"","meta":{"footnotes":""},"class_list":["post-391","page","type-page","status-publish","hentry","entry"],"_links":{"self":[{"href":"https:\/\/www.deihm.de\/wp\/index.php?rest_route=\/wp\/v2\/pages\/391","targetHints":{"allow":["GET"]}}],"collection":[{"href":"https:\/\/www.deihm.de\/wp\/index.php?rest_route=\/wp\/v2\/pages"}],"about":[{"href":"https:\/\/www.deihm.de\/wp\/index.php?rest_route=\/wp\/v2\/types\/page"}],"author":[{"embeddable":true,"href":"https:\/\/www.deihm.de\/wp\/index.php?rest_route=\/wp\/v2\/users\/1"}],"replies":[{"embeddable":true,"href":"https:\/\/www.deihm.de\/wp\/index.php?rest_route=%2Fwp%2Fv2%2Fcomments&post=391"}],"version-history":[{"count":72,"href":"https:\/\/www.deihm.de\/wp\/index.php?rest_route=\/wp\/v2\/pages\/391\/revisions"}],"predecessor-version":[{"id":1252,"href":"https:\/\/www.deihm.de\/wp\/index.php?rest_route=\/wp\/v2\/pages\/391\/revisions\/1252"}],"wp:attachment":[{"href":"https:\/\/www.deihm.de\/wp\/index.php?rest_route=%2Fwp%2Fv2%2Fmedia&parent=391"}],"curies":[{"name":"wp","href":"https:\/\/api.w.org\/{rel}","templated":true}]}}