{"id":497,"date":"2022-04-24T15:42:25","date_gmt":"2022-04-24T15:42:25","guid":{"rendered":"https:\/\/wp.deihm.de\/?page_id=497"},"modified":"2026-03-05T11:04:13","modified_gmt":"2026-03-05T11:04:13","slug":"willkommen","status":"publish","type":"page","link":"https:\/\/www.deihm.de\/wp\/","title":{"rendered":"Willkommen"},"content":{"rendered":"\n<p><\/p>\n\n\n\n<figure class=\"wp-block-image size-full\"><img loading=\"lazy\" decoding=\"async\" width=\"400\" height=\"262\" src=\"https:\/\/www.deihm.de\/wp\/wp-content\/uploads\/2021\/12\/65f909e7b6.jpg\" alt=\"\" class=\"wp-image-110\" srcset=\"https:\/\/www.deihm.de\/wp\/wp-content\/uploads\/2021\/12\/65f909e7b6.jpg 400w, https:\/\/www.deihm.de\/wp\/wp-content\/uploads\/2021\/12\/65f909e7b6-300x197.jpg 300w\" sizes=\"auto, (max-width: 400px) 100vw, 400px\" \/><figcaption class=\"wp-element-caption\">Seit 1996 bietet DEIHM Weiterbildungen f\u00fcr Menschen an,<br>die ihren Hund beruflich einsetzten m\u00f6chten!<\/figcaption><\/figure>\n\n\n\n<p class=\"has-text-align-center\"><\/p>\n\n\n\n<p><\/p>\n\n\n\n<p><strong>Unser Konzept \u2013 3 Module<\/strong><\/p>\n\n\n\n<p>Die Weiterbildung zum Schulhund, Schulbesuchshund oder Therapiebegleithund besteht aus drei Modulen, welche zeitlich unabh\u00e4ngig voneinander gebucht werden k\u00f6nnen.&nbsp;<\/p>\n\n\n\n<p><strong>Modul 1<\/strong><\/p>\n\n\n\n<p>In Anlehnung an den Wesenstest des Landes Niedersachsens werden die Hunde auf ihre Tauglichkeit gepr\u00fcft. Hier werden keine F\u00e4higkeiten abgefragt, sondern nur der Grundcharakter des Hundes erfasst, sodass eine Empfehlung zur weiteren Ausbildung ausgesprochen werden kann.<\/p>\n\n\n\n<p><strong>Modul 2<\/strong><\/p>\n\n\n\n<p>Das Modul 2 umfasst zwei Tage, in denen wir uns intensiv mit theoretischen Inhalten und praktischen \u00dcbungen besch\u00e4ftigen. Fachvortr\u00e4ge zu den Themen Kommunikation, Stress, Lernverhalten, Sachkunde, praktischer Einsatz und rechtliche Bestimmungen wechseln mit praktischen \u00dcbungen, inklusive fachlicher Anleitung, ab. Es gibt ein umfangreiches Angebot an Materialien und Einsatzm\u00f6glichkeiten, die vor Ort individuell ausprobiert und diskutiert werden k\u00f6nnen. Unter Ber\u00fccksichtigung der (rassetypischen) F\u00e4higkeiten der Hunde und der individuellen Einsatzvorgaben der Halter, finden wir f\u00fcr jeden den richtigen Weg heraus.<\/p>\n\n\n\n<p>Nachdem jeder Teilnehmer die Anforderung f\u00fcr die Zertifizierung kennt, kann jedes Team den Zeitpunkt der Pr\u00fcfung selbst bestimmen. Jeder kann das mit seinem pers\u00f6nlichen Hundetrainer erarbeiten oder auch zus\u00e4tzliche DEIHM Workshops und Abendvortr\u00e4ge in Anspruch nehmen.<\/p>\n\n\n\n<p><strong>Praxistag<\/strong><\/p>\n\n\n\n<p>Du m\u00f6chtest das Gelernte aus Modul 2 noch weiter vertiefen? Du hast Lust, individuell mit deinem Hund eure Themen zu bearbeiten? Du kannst dir vorstellen zu lernen, wie dein Hund richtig Lust hat, mit dir zu arbeiten?!<\/p>\n\n\n\n<p>Dann gibt es zus\u00e4tzlich den Praxistag, an dem wir mit maximal 4 Teams Themen wie Fu\u00df laufen wollen (nicht m\u00fcssen!), kleinschrittiger Aufbau sitz\/platz\/steh, Impulskontrolle bei fliegenden B\u00e4llen und Futterverleitungen sowie Anwendung und M\u00f6glichkeiten von Clicker und Targets vertiefen werden.&nbsp;<\/p>\n\n\n\n<p>Dieser feiwillige Praxistag ist eine gute Gelegenheit um sich f\u00fcr die Pr\u00fcfung optimal vorzubereiten.<\/p>\n\n\n\n<p><strong>Modul 3<\/strong><\/p>\n\n\n\n<p>Das Modul 3 ist ein Pr\u00fcfungstag, an dem der Halter eine schriftliche Sachkundepr\u00fcfung ablegt. Im Anschluss daran findet&nbsp; die praktische Pr\u00fcfung in den Bereichen Grundgehorsam, Bindung und einer praktischen Einheit mit Kindern oder Senioren statt.<\/p>\n\n\n\n<p><strong>In Kooperation mit<\/strong><\/p>\n\n\n<div class=\"wp-block-image\">\n<figure class=\"alignleft size-full\"><a href=\"https:\/\/tgi-kalme.de\/\"><img loading=\"lazy\" decoding=\"async\" width=\"321\" height=\"89\" src=\"https:\/\/www.deihm.de\/wp\/wp-content\/uploads\/2025\/10\/grafik.png\" alt=\"\" class=\"wp-image-1157\" srcset=\"https:\/\/www.deihm.de\/wp\/wp-content\/uploads\/2025\/10\/grafik.png 321w, https:\/\/www.deihm.de\/wp\/wp-content\/uploads\/2025\/10\/grafik-300x83.png 300w\" sizes=\"auto, (max-width: 321px) 100vw, 321px\" \/><\/a><\/figure>\n<\/div>","protected":false},"excerpt":{"rendered":"<p>Unser Konzept \u2013 3 Module Die Weiterbildung zum Schulhund, Schulbesuchshund oder Therapiebegleithund besteht aus drei Modulen, welche zeitlich unabh\u00e4ngig voneinander gebucht werden k\u00f6nnen.&nbsp; Modul 1 In Anlehnung an den Wesenstest des Landes Niedersachsens werden die Hunde auf ihre Tauglichkeit gepr\u00fcft. Hier werden keine F\u00e4higkeiten abgefragt, sondern nur der Grundcharakter des Hundes erfasst, sodass eine Empfehlung&hellip; <a class=\"more-link\" href=\"https:\/\/www.deihm.de\/wp\/\"><span class=\"screen-reader-text\">Willkommen<\/span> weiterlesen<\/a><\/p>\n","protected":false},"author":1,"featured_media":0,"parent":0,"menu_order":0,"comment_status":"closed","ping_status":"closed","template":"","meta":{"footnotes":""},"class_list":["post-497","page","type-page","status-publish","hentry","entry"],"_links":{"self":[{"href":"https:\/\/www.deihm.de\/wp\/index.php?rest_route=\/wp\/v2\/pages\/497","targetHints":{"allow":["GET"]}}],"collection":[{"href":"https:\/\/www.deihm.de\/wp\/index.php?rest_route=\/wp\/v2\/pages"}],"about":[{"href":"https:\/\/www.deihm.de\/wp\/index.php?rest_route=\/wp\/v2\/types\/page"}],"author":[{"embeddable":true,"href":"https:\/\/www.deihm.de\/wp\/index.php?rest_route=\/wp\/v2\/users\/1"}],"replies":[{"embeddable":true,"href":"https:\/\/www.deihm.de\/wp\/index.php?rest_route=%2Fwp%2Fv2%2Fcomments&post=497"}],"version-history":[{"count":13,"href":"https:\/\/www.deihm.de\/wp\/index.php?rest_route=\/wp\/v2\/pages\/497\/revisions"}],"predecessor-version":[{"id":1163,"href":"https:\/\/www.deihm.de\/wp\/index.php?rest_route=\/wp\/v2\/pages\/497\/revisions\/1163"}],"wp:attachment":[{"href":"https:\/\/www.deihm.de\/wp\/index.php?rest_route=%2Fwp%2Fv2%2Fmedia&parent=497"}],"curies":[{"name":"wp","href":"https:\/\/api.w.org\/{rel}","templated":true}]}}