{"id":509,"date":"2022-05-22T13:40:04","date_gmt":"2022-05-22T13:40:04","guid":{"rendered":"https:\/\/wp.deihm.de\/?page_id=509"},"modified":"2026-01-31T16:15:47","modified_gmt":"2026-01-31T16:15:47","slug":"anfordern","status":"publish","type":"page","link":"https:\/\/www.deihm.de\/wp\/?page_id=509","title":{"rendered":"Schulbesuchshund anfordern"},"content":{"rendered":"\n<p><strong>Zielsetzung des Unterrichts Hunde machen Schule:<br><\/strong><br>Der richtige Umgang mit dem Vierbeiner will gelernt sein. Viele bestehende Vorurteile, k\u00f6nnen das richtige Verst\u00e4ndnis zwischen Kind und Hund nachteilig beeinflussen, bzw. zu beunruhigenden Missverst\u00e4ndnissen f\u00fchren.<\/p>\n\n\n\n<p>Durch eine gezielte Aufkl\u00e4rung soll das richtige Verhalten gegen\u00fcber Hunden, von DEIHM ausgebildeten Hund-Mensch-Teams, anschaulich vermittelt werden.<\/p>\n\n\n\n<p>Hierdurch werden eventuell bestehende \u00c4ngste abgebaut und durch Verst\u00e4ndnis und Respekt gegen\u00fcber dem Hund ersetzt. Dies wird mit den wichtigsten Verhaltensregeln untermauert.<\/p>\n\n\n\n<p>&nbsp;&nbsp; <strong>Video ansehen&nbsp;<\/strong><\/p>\n\n\n\n<figure class=\"wp-block-video\"><video height=\"200\" style=\"aspect-ratio: 340 \/ 200;\" width=\"340\" controls src=\"https:\/\/www.deihm.de\/wp\/wp-content\/uploads\/2022\/07\/Schulhund.mov\"><\/video><figcaption class=\"wp-element-caption\">Ein Beitrag von &#8222;Guten Abend RTL&#8220;, Freitag, 20.02.2009<\/figcaption><\/figure>\n\n\n\n<p>Dieser Unterricht erfordert von den Lehrkr\u00e4ften keine besondere Vorbereitung.<\/p>\n\n\n\n<p><br>F\u00fcr eine Unterrichtsstunde wird ein Unkostenanteil von nur 2,00 Euro pro Kind und Stunde erhoben, dieser Unkostenbeitrag wird direkt vom Schulhundef\u00fchrer entgegengenommen.<\/p>\n\n\n\n<h4 class=\"wp-block-heading\"><strong>Unterrichtsformular f\u00fcr Schulen<\/strong><strong>:<\/strong><\/h4>\n\n\n\n<h3 class=\"wp-block-heading\"><strong>Hier k\u00f6nnen Sie ein Schulbesuchshunde-Team anfordern!<\/strong><\/h3>\n\n\n\n<p>Bitte nehmen Sie gerne <a href=\"mailto:info@deihm.de?subject=Schulbesuchshunde-Team anfordern\">Kontakt<\/a> zu uns auf.<\/p>\n\n\n\n<p><\/p>\n","protected":false},"excerpt":{"rendered":"<p>Zielsetzung des Unterrichts Hunde machen Schule:Der richtige Umgang mit dem Vierbeiner will gelernt sein. Viele bestehende Vorurteile, k\u00f6nnen das richtige Verst\u00e4ndnis zwischen Kind und Hund nachteilig beeinflussen, bzw. zu beunruhigenden Missverst\u00e4ndnissen f\u00fchren. Durch eine gezielte Aufkl\u00e4rung soll das richtige Verhalten gegen\u00fcber Hunden, von DEIHM ausgebildeten Hund-Mensch-Teams, anschaulich vermittelt werden. Hierdurch werden eventuell bestehende \u00c4ngste abgebaut&hellip; <a class=\"more-link\" href=\"https:\/\/www.deihm.de\/wp\/?page_id=509\"><span class=\"screen-reader-text\">Schulbesuchshund anfordern<\/span> weiterlesen<\/a><\/p>\n","protected":false},"author":1,"featured_media":0,"parent":266,"menu_order":0,"comment_status":"closed","ping_status":"closed","template":"","meta":{"footnotes":""},"class_list":["post-509","page","type-page","status-publish","hentry","entry"],"_links":{"self":[{"href":"https:\/\/www.deihm.de\/wp\/index.php?rest_route=\/wp\/v2\/pages\/509","targetHints":{"allow":["GET"]}}],"collection":[{"href":"https:\/\/www.deihm.de\/wp\/index.php?rest_route=\/wp\/v2\/pages"}],"about":[{"href":"https:\/\/www.deihm.de\/wp\/index.php?rest_route=\/wp\/v2\/types\/page"}],"author":[{"embeddable":true,"href":"https:\/\/www.deihm.de\/wp\/index.php?rest_route=\/wp\/v2\/users\/1"}],"replies":[{"embeddable":true,"href":"https:\/\/www.deihm.de\/wp\/index.php?rest_route=%2Fwp%2Fv2%2Fcomments&post=509"}],"version-history":[{"count":30,"href":"https:\/\/www.deihm.de\/wp\/index.php?rest_route=\/wp\/v2\/pages\/509\/revisions"}],"predecessor-version":[{"id":1209,"href":"https:\/\/www.deihm.de\/wp\/index.php?rest_route=\/wp\/v2\/pages\/509\/revisions\/1209"}],"up":[{"embeddable":true,"href":"https:\/\/www.deihm.de\/wp\/index.php?rest_route=\/wp\/v2\/pages\/266"}],"wp:attachment":[{"href":"https:\/\/www.deihm.de\/wp\/index.php?rest_route=%2Fwp%2Fv2%2Fmedia&parent=509"}],"curies":[{"name":"wp","href":"https:\/\/api.w.org\/{rel}","templated":true}]}}