{"id":742,"date":"2022-06-17T15:23:32","date_gmt":"2022-06-17T15:23:32","guid":{"rendered":"https:\/\/wp.deihm.de\/?page_id=742"},"modified":"2022-08-24T12:23:14","modified_gmt":"2022-08-24T12:23:14","slug":"schulhund_test","status":"publish","type":"page","link":"https:\/\/www.deihm.de\/wp\/?page_id=742","title":{"rendered":"Voraussetzung"},"content":{"rendered":"\n<p><strong>Anforderungsprofil f\u00fcr Mensch und Hund:<\/strong><br><strong>Menschen, die beim Schulbesuchshundprogramm von DEIHM mitmachen m\u00f6chten, sollten:<\/strong><\/p>\n\n\n\n<ul class=\"wp-block-list\"><li>mehr als nur Hundefreunde sein, sie sollten auch Kinder m\u00f6gen!<\/li><li>Sie sollten auch die F\u00e4higkeit besitzen vor einer Gruppe zu sprechen oder auf Fragen eingehen k\u00f6nnen.<\/li><\/ul>\n\n\n\n<p><strong>Wie sollte ein Schulbegleithund sein?<\/strong><\/p>\n\n\n\n<ul class=\"wp-block-list\"><li>Er sollte vor allem Kinder und Menschen m\u00f6gen.<\/li><li>Kinder, die ungest\u00fcm und temperamentvoll sind, d\u00fcrfen f\u00fcr ihn keinen Stress bedeuten.<\/li><li>Die vorgestellten Hunde m\u00fcssen \u00fcber einen g\u00fcltigen Impfpass verf\u00fcgen.<\/li><li>Sie sollten zudem gesund sein und durch z.B. einen Chip erkennbar sein.&nbsp;<\/li><\/ul>\n\n\n\n<p><br>Unser<strong> Schulung<\/strong> beinhaltet eine ausf\u00fchrliche Eignungs- und Wesenspr\u00fcfung des mitgebrachten Hundes und eine eingehende Schulung der Hundef\u00fchrer\/innen f\u00fcr unser Schulbesuchshundprogramm <strong>Hunde machen Schule.<\/strong><\/p>\n\n\n\n<p>Nach bestandener Pr\u00fcfung werden dem neuen Schulhundef\u00fchrer ein Zertifikat und f\u00fcr den Hund eine Pr\u00fcfplakette ausgeh\u00e4ndigt<strong>.<\/strong><\/p>\n\n\n\n<p>Der Grundgedanke von <strong>Hunde machen Schule<\/strong> sollte eigentlich jeden Hundefreund begeistern. Hundehaltung wird in unserer Gesellschaft nur dann Bestand haben, wenn es auch in Zukunft gen\u00fcgend Menschen gibt, die sich um eine harmonische und sichere Hund-Mensch-Beziehung bem\u00fchen: <\/p>\n\n\n\n<p>Kinder sind die Hundehalter von morgen. Oder die Hundehasser &#8211; je nachdem&#8230;<\/p>\n\n\n\n<figure class=\"wp-block-image size-large\"><img loading=\"lazy\" decoding=\"async\" width=\"650\" height=\"1024\" src=\"https:\/\/www.deihm.de\/wp\/wp-content\/uploads\/2022\/08\/AWA_3939-Kopie-650x1024.jpg\" alt=\"\" class=\"wp-image-847\" srcset=\"https:\/\/www.deihm.de\/wp\/wp-content\/uploads\/2022\/08\/AWA_3939-Kopie-650x1024.jpg 650w, https:\/\/www.deihm.de\/wp\/wp-content\/uploads\/2022\/08\/AWA_3939-Kopie-190x300.jpg 190w, https:\/\/www.deihm.de\/wp\/wp-content\/uploads\/2022\/08\/AWA_3939-Kopie-768x1210.jpg 768w, https:\/\/www.deihm.de\/wp\/wp-content\/uploads\/2022\/08\/AWA_3939-Kopie-975x1536.jpg 975w, https:\/\/www.deihm.de\/wp\/wp-content\/uploads\/2022\/08\/AWA_3939-Kopie-1300x2048.jpg 1300w, https:\/\/www.deihm.de\/wp\/wp-content\/uploads\/2022\/08\/AWA_3939-Kopie-1568x2470.jpg 1568w, https:\/\/www.deihm.de\/wp\/wp-content\/uploads\/2022\/08\/AWA_3939-Kopie-600x945.jpg 600w, https:\/\/www.deihm.de\/wp\/wp-content\/uploads\/2022\/08\/AWA_3939-Kopie-scaled.jpg 1625w\" sizes=\"auto, (max-width: 650px) 100vw, 650px\" \/><\/figure>\n\n\n\n<p><strong>Wir bilden Hundef\u00fchrer f\u00fcr ganz Deutschland aus, damit wir alle Kinder erreichen k\u00f6nnen!<\/strong><\/p>\n","protected":false},"excerpt":{"rendered":"<p>Anforderungsprofil f\u00fcr Mensch und Hund:Menschen, die beim Schulbesuchshundprogramm von DEIHM mitmachen m\u00f6chten, sollten: mehr als nur Hundefreunde sein, sie sollten auch Kinder m\u00f6gen! Sie sollten auch die F\u00e4higkeit besitzen vor einer Gruppe zu sprechen oder auf Fragen eingehen k\u00f6nnen. Wie sollte ein Schulbegleithund sein? Er sollte vor allem Kinder und Menschen m\u00f6gen. Kinder, die ungest\u00fcm&hellip; <a class=\"more-link\" href=\"https:\/\/www.deihm.de\/wp\/?page_id=742\"><span class=\"screen-reader-text\">Voraussetzung<\/span> weiterlesen<\/a><\/p>\n","protected":false},"author":1,"featured_media":0,"parent":266,"menu_order":0,"comment_status":"closed","ping_status":"closed","template":"","meta":{"footnotes":""},"class_list":["post-742","page","type-page","status-publish","hentry","entry"],"_links":{"self":[{"href":"https:\/\/www.deihm.de\/wp\/index.php?rest_route=\/wp\/v2\/pages\/742","targetHints":{"allow":["GET"]}}],"collection":[{"href":"https:\/\/www.deihm.de\/wp\/index.php?rest_route=\/wp\/v2\/pages"}],"about":[{"href":"https:\/\/www.deihm.de\/wp\/index.php?rest_route=\/wp\/v2\/types\/page"}],"author":[{"embeddable":true,"href":"https:\/\/www.deihm.de\/wp\/index.php?rest_route=\/wp\/v2\/users\/1"}],"replies":[{"embeddable":true,"href":"https:\/\/www.deihm.de\/wp\/index.php?rest_route=%2Fwp%2Fv2%2Fcomments&post=742"}],"version-history":[{"count":6,"href":"https:\/\/www.deihm.de\/wp\/index.php?rest_route=\/wp\/v2\/pages\/742\/revisions"}],"predecessor-version":[{"id":849,"href":"https:\/\/www.deihm.de\/wp\/index.php?rest_route=\/wp\/v2\/pages\/742\/revisions\/849"}],"up":[{"embeddable":true,"href":"https:\/\/www.deihm.de\/wp\/index.php?rest_route=\/wp\/v2\/pages\/266"}],"wp:attachment":[{"href":"https:\/\/www.deihm.de\/wp\/index.php?rest_route=%2Fwp%2Fv2%2Fmedia&parent=742"}],"curies":[{"name":"wp","href":"https:\/\/api.w.org\/{rel}","templated":true}]}}